{"id":115,"date":"2022-04-15T21:38:30","date_gmt":"2022-04-15T21:38:30","guid":{"rendered":"http:\/\/localhost\/site_xpto\/?page_id=115"},"modified":"2024-05-07T22:53:23","modified_gmt":"2024-05-07T22:53:23","slug":"quem-somos","status":"publish","type":"page","link":"https:\/\/asavida.pt\/?page_id=115","title":{"rendered":"Quem Somos"},"content":{"rendered":"\n<h2 class=\"alignwide has-text-align-left has-vivid-cyan-blue-color has-text-color wp-block-heading\"><i class=\"fas fa-calendar-alt\"><\/i> Cronologia:<\/h2>\n\n\n\n<div class=\"wp-block-columns is-layout-flex wp-container-core-columns-is-layout-28f84493 wp-block-columns-is-layout-flex\">\n<div class=\"wp-block-column is-layout-flow wp-block-column-is-layout-flow\">\n<p><i class=\"fas fa-hourglass-half\"><\/i> 03 de <strong>ABRIL 2004<\/strong> &#8211; \u00c9 criada a associa\u00e7\u00e3o ASAVIDA &#8211; Associa\u00e7\u00e3o de Apoio Social &#8220;Ajudar a Viver&#8221; da Dagoda.<\/p>\n\n\n\n<hr class=\"wp-block-separator is-style-wide\"\/>\n\n\n\n<p><i class=\"fas fa-hourglass-half\"><\/i> 27 de <strong>AGOSTO 2004 <\/strong>&#8211; Teve lugar a escritura p\u00fablica de constitui\u00e7\u00e3o da associa\u00e7\u00e3o bem como a aprova\u00e7\u00e3o dos respetivos estatutos.<\/p>\n\n\n\n<hr class=\"wp-block-separator is-style-wide\"\/>\n\n\n\n<p><i class=\"fas fa-hourglass-half\"><\/i> 21 de <strong>JULHO 2005<\/strong> &#8211; Efetuada a altera\u00e7\u00e3o estatut\u00e1ria da \u00e1rea de ac\u00e7\u00e3o da associa\u00e7\u00e3o, aprovada em escritura p\u00fablica, passando a abranger a totalidade da freguesia da Vermelha e lim\u00edtrofes.<\/p>\n\n\n\n<hr class=\"wp-block-separator is-style-wide\"\/>\n\n\n\n<p><i class=\"fas fa-hourglass-half\"><\/i> 12 de <strong>AGOSTO 2005<\/strong> &#8211; A ASAVIDA obt\u00e9m o estatuto de IPSS \u2013 Institui\u00e7\u00e3o Particular de Solidariedade Social.<\/p>\n\n\n\n<hr class=\"wp-block-separator is-style-wide\"\/>\n\n\n\n<p><i class=\"fas fa-hourglass-half\"><\/i> 1 de <strong>ABRIL 2007<\/strong> &#8211; Lan\u00e7amento da primeira pedra da obra de constru\u00e7\u00e3o do Centro de Dia da Dagorda.<\/p>\n\n\n\n<p><\/p>\n<\/div>\n\n\n\n<div class=\"wp-block-column is-layout-flow wp-block-column-is-layout-flow\">\n<figure class=\"wp-block-pullquote has-text-align-center has-border-color has-white-border-color has-vivid-cyan-blue-color has-text-color has-small-font-size\" style=\"border-style:solid;text-transform:capitalize\"><blockquote><p>S\u00f3cios fundadores:<\/p><cite>Jos\u00e9 Albino Ferreira Rom\u00e3o<br>Albino Fernandes Seara<br>Francisco Monteiro Pereira Gomes<br>Ant\u00f3nio Jo\u00e3o Martins Borralho<br>Ant\u00f3nio Augusto Ribeiro de Sousa<br>Manuel Ant\u00f3nio Chaveiro de Sousa Soares<br>Augusto Miguel Ribeiro Germano<br>Jos\u00e9 Manuel da Costa Pereira<br>Virg\u00edlio Manuel Gomes F\u00e9lix<br>Fernando In\u00e1cio Leal<br>Jo\u00e3o Ant\u00f3nio de Jesus Sim\u00f5es<br>Dina Isabel Francisco Alberto Santos<br>Clarisse Silva Sobreiro Rom\u00e3o<br>Maria Lu\u00edsa Costa Rom\u00e3o Pinheiro Machado<br>Maria Lu\u00edsa Vicente Ribeiro Leal<br>Rui Manuel Rodrigues Ribeiro<br>Maria Isabel Pereira In\u00e1cio Ribeiro<br>Susana Nunes F\u00e9lix<br>Lu\u00eds Ant\u00f3nio Ribeiro da Costa<br>Bruno Miguel dos Santos Ribeiro<br>Maria Dulce dos Santos Ribeiro<br>Jos\u00e9 da Concei\u00e7\u00e3o Correia<br>Carlos Alberto Ribeiro Martins<br>Ant\u00f3nio Augusto Costa Rosa<br>C\u00e9lia Maria Ferreira Ribeiro<br>Joaquim Barreiras In\u00e1cio<br>Maria Em\u00edlia Veiga Nunes de Almeida e Preira dos Santos<\/cite><\/blockquote><\/figure>\n\n\n\n<p><\/p>\n<\/div>\n<\/div>\n","protected":false},"excerpt":{"rendered":"<p>Cronologia: 03 de ABRIL 2004 &#8211; \u00c9 criada a associa\u00e7\u00e3o ASAVIDA &#8211; Associa\u00e7\u00e3o de Apoio Social &#8220;Ajudar a Viver&#8221; da Dagoda. 27 de AGOSTO 2004 &#8211; Teve lugar a escritura p\u00fablica de constitui\u00e7\u00e3o da associa\u00e7\u00e3o bem como a aprova\u00e7\u00e3o dos respetivos estatutos. 21 de JULHO 2005 &#8211; Efetuada a altera\u00e7\u00e3o estatut\u00e1ria da \u00e1rea de ac\u00e7\u00e3o [&hellip;]<\/p>\n","protected":false},"author":1,"featured_media":0,"parent":0,"menu_order":0,"comment_status":"closed","ping_status":"closed","template":"","meta":{"zakra_sidebar_layout":"centered","zakra_remove_content_margin":false,"zakra_sidebar":"customizer","zakra_transparent_header":"customizer","zakra_logo":0,"zakra_main_header_style":"zak-layout-1-style-1","zakra_menu_item_color":"","zakra_menu_item_hover_color":"","zakra_menu_item_active_color":"","zakra_menu_active_style":"","zakra_page_header":true,"footnotes":""},"class_list":["post-115","page","type-page","status-publish","hentry"],"_links":{"self":[{"href":"https:\/\/asavida.pt\/index.php?rest_route=\/wp\/v2\/pages\/115","targetHints":{"allow":["GET"]}}],"collection":[{"href":"https:\/\/asavida.pt\/index.php?rest_route=\/wp\/v2\/pages"}],"about":[{"href":"https:\/\/asavida.pt\/index.php?rest_route=\/wp\/v2\/types\/page"}],"author":[{"embeddable":true,"href":"https:\/\/asavida.pt\/index.php?rest_route=\/wp\/v2\/users\/1"}],"replies":[{"embeddable":true,"href":"https:\/\/asavida.pt\/index.php?rest_route=%2Fwp%2Fv2%2Fcomments&post=115"}],"version-history":[{"count":1,"href":"https:\/\/asavida.pt\/index.php?rest_route=\/wp\/v2\/pages\/115\/revisions"}],"predecessor-version":[{"id":427,"href":"https:\/\/asavida.pt\/index.php?rest_route=\/wp\/v2\/pages\/115\/revisions\/427"}],"wp:attachment":[{"href":"https:\/\/asavida.pt\/index.php?rest_route=%2Fwp%2Fv2%2Fmedia&parent=115"}],"curies":[{"name":"wp","href":"https:\/\/api.w.org\/{rel}","templated":true}]}}