{"id":118,"date":"2022-04-15T21:38:30","date_gmt":"2022-04-15T21:38:30","guid":{"rendered":"http:\/\/localhost\/site_xpto\/?page_id=118"},"modified":"2024-05-07T22:52:44","modified_gmt":"2024-05-07T22:52:44","slug":"orgaossociais","status":"publish","type":"page","link":"https:\/\/asavida.pt\/?page_id=118","title":{"rendered":"Org\u00e3os Sociais"},"content":{"rendered":"\n<p>Para o quadri\u00e9nio 2023-2026 foram eleitos os seguintes elementos para os corpos sociais da ASAVIDA.<br>Eleitos em Assembleia Geral de 26 de Mar\u00e7o de 2023<\/p>\n\n\n\n<h3 class=\"wp-block-heading\">Mesa de Assembleia Geral<\/h3>\n\n\n\n<ul class=\"wp-block-list\" style=\"font-style:normal;font-weight:100\">\n<li><strong>Presidente: <\/strong>Maria Carolina Vicente Ribeiro Germano<\/li>\n\n\n\n<li><strong>Secret\u00e1ria:<\/strong> Catarina Susana Silva Rom\u00e3o Siopa<\/li>\n\n\n\n<li><strong>Secret\u00e1ria: <\/strong>Ivo Miguel Ribeiro Rom\u00e3o<\/li>\n<\/ul>\n\n\n\n<h3 class=\"wp-block-heading\">Direc\u00e7\u00e3o<\/h3>\n\n\n\n<ul class=\"wp-block-list\" style=\"font-style:normal;font-weight:100\">\n<li><strong>Presidente:<\/strong> &nbsp;Jos\u00e9 Albino Ferreira Rom\u00e3o<\/li>\n\n\n\n<li><strong>Vice-Presidente: <\/strong>&nbsp;Nelson Alberto Ferreira&nbsp; Ribeiro<\/li>\n\n\n\n<li><strong>Tesoureiro: <\/strong>&nbsp;Fernando In\u00e1cio Leal<\/li>\n\n\n\n<li><strong>Secret\u00e1ria: <\/strong>&nbsp;\u00c2ngela Carina Pereira Sousa<\/li>\n\n\n\n<li><strong>Vogal:<\/strong> Ant\u00f3nio Augusto Ribeiro Sousa<\/li>\n\n\n\n<li><strong>Vogal:<\/strong> Susana Nunes F\u00e9lix<\/li>\n\n\n\n<li><strong>Vogal:<\/strong> \u00a0Jo\u00e3o Lu\u00eds Martins Alberto<\/li>\n<\/ul>\n\n\n\n<hr class=\"wp-block-separator has-css-opacity is-style-dots\"\/>\n\n\n\n<h3 class=\"wp-block-heading\">Conselho Fiscal<\/h3>\n\n\n\n<ul class=\"wp-block-list\" style=\"font-style:normal;font-weight:100\">\n<li><strong>Presidente: <\/strong>Joaquim Barreiras In\u00e1cio<\/li>\n\n\n\n<li><strong>Vogal:<\/strong> Jo\u00e3o Ant\u00f3nio de Jesus Sim\u00f5es<\/li>\n\n\n\n<li><strong>Vogal: <\/strong>Rui Manuel Rodrigues Ribeiro<\/li>\n<\/ul>\n","protected":false},"excerpt":{"rendered":"<p>Para o quadri\u00e9nio 2023-2026 foram eleitos os seguintes elementos para os corpos sociais da ASAVIDA.Eleitos em Assembleia Geral de 26 de Mar\u00e7o de 2023 Mesa de Assembleia Geral Direc\u00e7\u00e3o Conselho Fiscal<\/p>\n","protected":false},"author":1,"featured_media":0,"parent":0,"menu_order":0,"comment_status":"closed","ping_status":"closed","template":"","meta":{"zakra_sidebar_layout":"centered","zakra_remove_content_margin":false,"zakra_sidebar":"customizer","zakra_transparent_header":"customizer","zakra_logo":0,"zakra_main_header_style":"zak-layout-1-style-1","zakra_menu_item_color":"","zakra_menu_item_hover_color":"","zakra_menu_item_active_color":"","zakra_menu_active_style":"","zakra_page_header":true,"footnotes":""},"class_list":["post-118","page","type-page","status-publish","hentry"],"_links":{"self":[{"href":"https:\/\/asavida.pt\/index.php?rest_route=\/wp\/v2\/pages\/118","targetHints":{"allow":["GET"]}}],"collection":[{"href":"https:\/\/asavida.pt\/index.php?rest_route=\/wp\/v2\/pages"}],"about":[{"href":"https:\/\/asavida.pt\/index.php?rest_route=\/wp\/v2\/types\/page"}],"author":[{"embeddable":true,"href":"https:\/\/asavida.pt\/index.php?rest_route=\/wp\/v2\/users\/1"}],"replies":[{"embeddable":true,"href":"https:\/\/asavida.pt\/index.php?rest_route=%2Fwp%2Fv2%2Fcomments&post=118"}],"version-history":[{"count":1,"href":"https:\/\/asavida.pt\/index.php?rest_route=\/wp\/v2\/pages\/118\/revisions"}],"predecessor-version":[{"id":426,"href":"https:\/\/asavida.pt\/index.php?rest_route=\/wp\/v2\/pages\/118\/revisions\/426"}],"wp:attachment":[{"href":"https:\/\/asavida.pt\/index.php?rest_route=%2Fwp%2Fv2%2Fmedia&parent=118"}],"curies":[{"name":"wp","href":"https:\/\/api.w.org\/{rel}","templated":true}]}}