{"id":274,"date":"2022-04-25T18:05:38","date_gmt":"2022-04-25T18:05:38","guid":{"rendered":"http:\/\/localhost\/site_xpto\/?page_id=274"},"modified":"2024-05-08T21:14:05","modified_gmt":"2024-05-08T21:14:05","slug":"apoio-social","status":"publish","type":"page","link":"https:\/\/asavida.pt\/?page_id=274","title":{"rendered":"Apoio Social"},"content":{"rendered":"\n<h3 class=\"wp-block-heading\">Cabaz Alimentar<\/h3>\n\n\n\n<p><img loading=\"lazy\" decoding=\"async\" width=\"150\" height=\"113\" class=\"wp-image-438\" style=\"width: 150px;\" src=\"https:\/\/asavida.pt\/wp-content\/uploads\/2024\/05\/BAO.jpg\" alt=\"\" srcset=\"https:\/\/asavida.pt\/wp-content\/uploads\/2024\/05\/BAO.jpg 960w, https:\/\/asavida.pt\/wp-content\/uploads\/2024\/05\/BAO-300x225.jpg 300w, https:\/\/asavida.pt\/wp-content\/uploads\/2024\/05\/BAO-768x576.jpg 768w\" sizes=\"auto, (max-width: 150px) 100vw, 150px\" \/>Atrav\u00e9s de um protocolo com o Banco Alimentar do Oeste \u00e9-nos poss\u00edvel apoiar agregados familiares com car\u00eancias econ\u00f3micas da freguesia da Vermelha. Semanalmente entregamos aos agregados familiares um cabaz de alimentos de primeira necessidade ajustado ao agregado familiar apoiado.<br><\/p>\n\n\n\n<hr class=\"wp-block-separator has-text-color has-light-green-cyan-color has-css-opacity has-light-green-cyan-background-color has-background is-style-wide\"\/>\n\n\n\n<h3 class=\"wp-block-heading\">Banco de Ajudas T\u00e9cnicas<\/h3>\n\n\n\n<p>A Institui\u00e7\u00e3o disponibiliza, de forma gratuita, aos seus utentes e associados, equipamentos ortop\u00e9dicos, que possibilitem ao utente ou ao seu cuidador um apoio na realiza\u00e7\u00e3o das tarefas quotidianas, com a maior normalidade poss\u00edvel.<br><\/p>\n\n\n\n<p class=\"has-text-align-right\"><a href=\"https:\/\/asavida.pt\/?page_id=18\" data-type=\"URL\" data-id=\"http:\/\/localhost\/site_xpto\/contacto\/\">Contacte-nos<\/a> para mais informa\u00e7\u00f5es<\/p>\n","protected":false},"excerpt":{"rendered":"<p>Cabaz Alimentar Atrav\u00e9s de um protocolo com o Banco Alimentar do Oeste \u00e9-nos poss\u00edvel apoiar agregados familiares com car\u00eancias econ\u00f3micas da freguesia da Vermelha. Semanalmente entregamos aos agregados familiares um cabaz de alimentos de primeira necessidade ajustado ao agregado familiar apoiado. Banco de Ajudas T\u00e9cnicas A Institui\u00e7\u00e3o disponibiliza, de forma gratuita, aos seus utentes e [&hellip;]<\/p>\n","protected":false},"author":1,"featured_media":0,"parent":0,"menu_order":0,"comment_status":"closed","ping_status":"closed","template":"","meta":{"zakra_sidebar_layout":"centered","zakra_remove_content_margin":false,"zakra_sidebar":"customizer","zakra_transparent_header":"customizer","zakra_logo":0,"zakra_main_header_style":"zak-layout-1-style-1","zakra_menu_item_color":"","zakra_menu_item_hover_color":"","zakra_menu_item_active_color":"","zakra_menu_active_style":"","zakra_page_header":true,"footnotes":""},"class_list":["post-274","page","type-page","status-publish","hentry"],"_links":{"self":[{"href":"https:\/\/asavida.pt\/index.php?rest_route=\/wp\/v2\/pages\/274","targetHints":{"allow":["GET"]}}],"collection":[{"href":"https:\/\/asavida.pt\/index.php?rest_route=\/wp\/v2\/pages"}],"about":[{"href":"https:\/\/asavida.pt\/index.php?rest_route=\/wp\/v2\/types\/page"}],"author":[{"embeddable":true,"href":"https:\/\/asavida.pt\/index.php?rest_route=\/wp\/v2\/users\/1"}],"replies":[{"embeddable":true,"href":"https:\/\/asavida.pt\/index.php?rest_route=%2Fwp%2Fv2%2Fcomments&post=274"}],"version-history":[{"count":3,"href":"https:\/\/asavida.pt\/index.php?rest_route=\/wp\/v2\/pages\/274\/revisions"}],"predecessor-version":[{"id":447,"href":"https:\/\/asavida.pt\/index.php?rest_route=\/wp\/v2\/pages\/274\/revisions\/447"}],"wp:attachment":[{"href":"https:\/\/asavida.pt\/index.php?rest_route=%2Fwp%2Fv2%2Fmedia&parent=274"}],"curies":[{"name":"wp","href":"https:\/\/api.w.org\/{rel}","templated":true}]}}