{"id":52,"date":"2022-04-11T22:42:42","date_gmt":"2022-04-11T22:42:42","guid":{"rendered":"http:\/\/localhost\/site_xpto\/?page_id=52"},"modified":"2024-05-07T23:37:34","modified_gmt":"2024-05-07T23:37:34","slug":"centro-de-dia","status":"publish","type":"page","link":"https:\/\/asavida.pt\/?page_id=52","title":{"rendered":"Centro de Dia"},"content":{"rendered":"\n<div class=\"wp-block-columns is-layout-flex wp-container-core-columns-is-layout-28f84493 wp-block-columns-is-layout-flex\">\n<div class=\"wp-block-column is-layout-flow wp-block-column-is-layout-flow\" style=\"flex-basis:33.33%\">\n<figure class=\"wp-block-image size-full\"><img loading=\"lazy\" decoding=\"async\" width=\"342\" height=\"640\" src=\"https:\/\/asavida.pt\/wp-content\/uploads\/2024\/05\/ASAVIDA_CD.png\" alt=\"\" class=\"wp-image-437\" srcset=\"https:\/\/asavida.pt\/wp-content\/uploads\/2024\/05\/ASAVIDA_CD.png 342w, https:\/\/asavida.pt\/wp-content\/uploads\/2024\/05\/ASAVIDA_CD-160x300.png 160w\" sizes=\"auto, (max-width: 342px) 100vw, 342px\" \/><\/figure>\n<\/div>\n\n\n\n<div class=\"wp-block-column is-layout-flow wp-block-column-is-layout-flow\" style=\"flex-basis:66.66%\">\n<p>A resposta social de <strong>Centro de Dia<\/strong> consiste na presta\u00e7\u00e3o de cuidados individualizados e personalizados, ao idoso e fam\u00edlias, quando, por motivo de doen\u00e7a, defici\u00eancia ou outro impedimento, n\u00e3o possam assegurar tempor\u00e1ria ou permanentemente, a satisfa\u00e7\u00e3o das suas necessidades b\u00e1sicas e\/ou as atividades da vida di\u00e1ria e rege-se pelas normas legais aplic\u00e1veis \u00e0 val\u00eancia. <\/p>\n\n\n\n<h3 class=\"wp-block-heading has-vivid-cyan-blue-color has-text-color has-medium-font-size\" style=\"text-transform:none\"><i class=\"fas fa-user\"><\/i> Capacidade<\/h3>\n\n\n\n<p>O Centro de Dia tem capacidade para 40 utentes.<\/p>\n\n\n\n<h3 class=\"wp-block-heading has-vivid-cyan-blue-color has-text-color has-medium-font-size\" style=\"text-transform:none\"><i class=\"fas fa-user\"><\/i> Funcionamento<\/h3>\n\n\n\n<p>Dias \u00fateis: das 8h00 \u00e0s 19h00.<br>Fim de semana: das 9h00 \u00e0s 17h00<br>As atividades socioculturais s\u00e3o realizados de 2\u00aa a 6\u00aafeira, no per\u00edodo das 10h00 \u00e0s 16h00.<\/p>\n\n\n\n<p>Encerra nas seguintes datas:<\/p>\n\n\n\n<ul class=\"wp-block-list\">\n<li>Dia 25 de dezembro e 1 de Janeiro;<\/li>\n\n\n\n<li>Domingo de P\u00e1scoa;<\/li>\n<\/ul>\n\n\n\n<h3 class=\"wp-block-heading has-vivid-cyan-blue-color has-text-color has-medium-font-size\" style=\"text-transform:none\"><i class=\"fas fa-user\"><\/i> Servi\u00e7os prestados<\/h3>\n\n\n\n<ul class=\"wp-block-list\">\n<li>Alimenta\u00e7\u00e3o &#8211; Pequeno-almo\u00e7o, almo\u00e7o, lanche e jantar (quando necess\u00e1rio);<\/li>\n\n\n\n<li>Higiene pessoal;<\/li>\n\n\n\n<li>Actividades de anima\u00e7\u00e3o \/ Estimula\u00e7\u00e3o cognitiva<\/li>\n\n\n\n<li>Apoio na medica\u00e7\u00e3o (toma e aquisi\u00e7\u00e3o dos medicamentos);<\/li>\n\n\n\n<li>Transporte;<\/li>\n\n\n\n<li>Cabeleireiro;<\/li>\n\n\n\n<li>Prolongamento de hor\u00e1rio e fins de semana;<\/li>\n<\/ul>\n<\/div>\n<\/div>\n","protected":false},"excerpt":{"rendered":"<p>A resposta social de Centro de Dia consiste na presta\u00e7\u00e3o de cuidados individualizados e personalizados, ao idoso e fam\u00edlias, quando, por motivo de doen\u00e7a, defici\u00eancia ou outro impedimento, n\u00e3o possam assegurar tempor\u00e1ria ou permanentemente, a satisfa\u00e7\u00e3o das suas necessidades b\u00e1sicas e\/ou as atividades da vida di\u00e1ria e rege-se pelas normas legais aplic\u00e1veis \u00e0 val\u00eancia. Capacidade [&hellip;]<\/p>\n","protected":false},"author":1,"featured_media":0,"parent":0,"menu_order":0,"comment_status":"closed","ping_status":"closed","template":"","meta":{"zakra_sidebar_layout":"centered","zakra_remove_content_margin":false,"zakra_sidebar":"customizer","zakra_transparent_header":"customizer","zakra_logo":0,"zakra_main_header_style":"zak-layout-1-style-1","zakra_menu_item_color":"","zakra_menu_item_hover_color":"","zakra_menu_item_active_color":"","zakra_menu_active_style":"","zakra_page_header":true,"footnotes":""},"class_list":["post-52","page","type-page","status-publish","hentry"],"_links":{"self":[{"href":"https:\/\/asavida.pt\/index.php?rest_route=\/wp\/v2\/pages\/52","targetHints":{"allow":["GET"]}}],"collection":[{"href":"https:\/\/asavida.pt\/index.php?rest_route=\/wp\/v2\/pages"}],"about":[{"href":"https:\/\/asavida.pt\/index.php?rest_route=\/wp\/v2\/types\/page"}],"author":[{"embeddable":true,"href":"https:\/\/asavida.pt\/index.php?rest_route=\/wp\/v2\/users\/1"}],"replies":[{"embeddable":true,"href":"https:\/\/asavida.pt\/index.php?rest_route=%2Fwp%2Fv2%2Fcomments&post=52"}],"version-history":[{"count":2,"href":"https:\/\/asavida.pt\/index.php?rest_route=\/wp\/v2\/pages\/52\/revisions"}],"predecessor-version":[{"id":439,"href":"https:\/\/asavida.pt\/index.php?rest_route=\/wp\/v2\/pages\/52\/revisions\/439"}],"wp:attachment":[{"href":"https:\/\/asavida.pt\/index.php?rest_route=%2Fwp%2Fv2%2Fmedia&parent=52"}],"curies":[{"name":"wp","href":"https:\/\/api.w.org\/{rel}","templated":true}]}}